{"id":1560,"date":"2024-01-15T14:09:50","date_gmt":"2024-01-15T12:09:50","guid":{"rendered":"https:\/\/solomiazaprutko.com\/?page_id=1560"},"modified":"2024-01-15T14:11:43","modified_gmt":"2024-01-15T12:11:43","slug":"anketa-zahalna","status":"publish","type":"page","link":"https:\/\/solomiazaprutko.com\/pl\/anketa-zahalna\/","title":{"rendered":"\u0410\u043d\u043a\u0435\u0442\u0430 \u0437\u0430\u0433\u0430\u043b\u044c\u043d\u0430"},"content":{"rendered":"<div data-elementor-type=\"wp-page\" data-elementor-id=\"1560\" class=\"elementor elementor-1560\" data-elementor-post-type=\"page\">\n\t\t\t\t\t\t<section class=\"elementor-section elementor-top-section elementor-element elementor-element-7b6a157f elementor-section-height-min-height elementor-section-boxed elementor-section-height-default elementor-section-items-middle\" data-id=\"7b6a157f\" data-element_type=\"section\" data-settings=\"{&quot;background_background&quot;:&quot;classic&quot;}\">\n\t\t\t\t\t\t<div class=\"elementor-container elementor-column-gap-default\">\n\t\t\t\t\t<div class=\"elementor-column elementor-col-100 elementor-top-column elementor-element elementor-element-6cb01884\" data-id=\"6cb01884\" data-element_type=\"column\" data-settings=\"{&quot;background_background&quot;:&quot;classic&quot;}\">\n\t\t\t<div class=\"elementor-widget-wrap elementor-element-populated\">\n\t\t\t\t\t\t<div class=\"elementor-element elementor-element-44a9a7f1 elementor-widget elementor-widget-heading\" data-id=\"44a9a7f1\" data-element_type=\"widget\" data-widget_type=\"heading.default\">\n\t\t\t\t<div class=\"elementor-widget-container\">\n\t\t\t\t\t<h2 class=\"elementor-heading-title elementor-size-default\">KURS Z MONETYZACJI SM<\/h2>\t\t\t\t<\/div>\n\t\t\t\t<\/div>\n\t\t\t\t<div class=\"elementor-element elementor-element-4799d00c elementor-widget elementor-widget-text-editor\" data-id=\"4799d00c\" data-element_type=\"widget\" data-widget_type=\"text-editor.default\">\n\t\t\t\t<div class=\"elementor-widget-container\">\n\t\t\t\t\t\t\t\t\t<p>Wype\u0142nij formularz. Skontaktuj\u0119 si\u0119 z Tob\u0105 osobi\u015bcie, aby om\u00f3wi\u0107 Twoj\u0105 strategi\u0119 rozwoju\u00a0<span class=\"s1\">\ud83d\ude80<\/span><\/p>\t\t\t\t\t\t\t\t<\/div>\n\t\t\t\t<\/div>\n\t\t\t\t<div class=\"elementor-element elementor-element-ef3aa70 elementor-button-align-stretch elementor-widget elementor-widget-form\" data-id=\"ef3aa70\" data-element_type=\"widget\" data-settings=\"{&quot;step_next_label&quot;:&quot;Next&quot;,&quot;step_previous_label&quot;:&quot;Previous&quot;,&quot;button_width&quot;:&quot;100&quot;,&quot;step_type&quot;:&quot;number_text&quot;,&quot;step_icon_shape&quot;:&quot;circle&quot;}\" data-widget_type=\"form.default\">\n\t\t\t\t<div class=\"elementor-widget-container\">\n\t\t\t\t\t\t\t<form class=\"elementor-form\" method=\"post\" name=\"New Form\" action=\"\">\n\t\t\t<input type=\"hidden\" name=\"post_id\" value=\"1560\"\/>\n\t\t\t<input type=\"hidden\" name=\"form_id\" value=\"ef3aa70\"\/>\n\t\t\t<input type=\"hidden\" name=\"referer_title\" value=\"\" \/>\n\n\t\t\t\n\t\t\t<div class=\"elementor-form-fields-wrapper elementor-labels-\">\n\t\t\t\t\t\t\t\t<div class=\"elementor-field-type-text elementor-field-group elementor-column elementor-field-group-name elementor-col-50 elementor-field-required\">\n\t\t\t\t\t\t\t\t\t\t\t\t<label for=\"form-field-name\" class=\"elementor-field-label elementor-screen-only\">\n\t\t\t\t\t\t\t\tImi\u0119\t\t\t\t\t\t\t<\/label>\n\t\t\t\t\t\t\t\t\t\t\t\t\t\t<input size=\"1\" type=\"text\" name=\"form_fields[name]\" id=\"form-field-name\" class=\"elementor-field elementor-size-sm  elementor-field-textual\" placeholder=\"Imi\u0119\" required=\"required\" aria-required=\"true\">\n\t\t\t\t\t\t\t\t\t\t\t<\/div>\n\t\t\t\t\t\t\t\t<div class=\"elementor-field-type-text elementor-field-group elementor-column elementor-field-group-email elementor-col-50 elementor-field-required\">\n\t\t\t\t\t\t\t\t\t\t\t\t<label for=\"form-field-email\" class=\"elementor-field-label elementor-screen-only\">\n\t\t\t\t\t\t\t\tNazwa instagram\t\t\t\t\t\t\t<\/label>\n\t\t\t\t\t\t\t\t\t\t\t\t\t\t<input size=\"1\" type=\"text\" name=\"form_fields[email]\" id=\"form-field-email\" class=\"elementor-field elementor-size-sm  elementor-field-textual\" placeholder=\"Nazwa instagram\" required=\"required\" aria-required=\"true\">\n\t\t\t\t\t\t\t\t\t\t\t<\/div>\n\t\t\t\t\t\t\t\t<div class=\"elementor-field-type-text elementor-field-group elementor-column elementor-field-group-field_5f6c219 elementor-col-100 elementor-field-required\">\n\t\t\t\t\t\t\t\t\t\t\t\t<label for=\"form-field-field_5f6c219\" class=\"elementor-field-label elementor-screen-only\">\n\t\t\t\t\t\t\t\tTwoja dziedzina\t\t\t\t\t\t\t<\/label>\n\t\t\t\t\t\t\t\t\t\t\t\t\t\t<input size=\"1\" type=\"text\" name=\"form_fields[field_5f6c219]\" id=\"form-field-field_5f6c219\" class=\"elementor-field elementor-size-sm  elementor-field-textual\" placeholder=\"Twoja dziedzina\" required=\"required\" aria-required=\"true\">\n\t\t\t\t\t\t\t\t\t\t\t<\/div>\n\t\t\t\t\t\t\t\t<div class=\"elementor-field-type-text elementor-field-group elementor-column elementor-field-group-field_b20a78b elementor-col-100 elementor-field-required\">\n\t\t\t\t\t\t\t\t\t\t\t\t<label for=\"form-field-field_b20a78b\" class=\"elementor-field-label elementor-screen-only\">\n\t\t\t\t\t\t\t\tTelegram (numer telefonu)\t\t\t\t\t\t\t<\/label>\n\t\t\t\t\t\t\t\t\t\t\t\t\t\t<input size=\"1\" type=\"text\" name=\"form_fields[field_b20a78b]\" id=\"form-field-field_b20a78b\" class=\"elementor-field elementor-size-sm  elementor-field-textual\" placeholder=\"Telegram (numer telefonu)\" required=\"required\" aria-required=\"true\">\n\t\t\t\t\t\t\t\t\t\t\t<\/div>\n\t\t\t\t\t\t\t\t<div class=\"elementor-field-type-text elementor-field-group elementor-column elementor-field-group-field_a736fe8 elementor-col-100 elementor-field-required\">\n\t\t\t\t\t\t\t\t\t\t\t\t<label for=\"form-field-field_a736fe8\" class=\"elementor-field-label elementor-screen-only\">\n\t\t\t\t\t\t\t\tDlaczego chcesz przyj\u015b\u0107 na m\u00f3j kurs?\t\t\t\t\t\t\t<\/label>\n\t\t\t\t\t\t\t\t\t\t\t\t\t\t<input size=\"1\" type=\"text\" name=\"form_fields[field_a736fe8]\" id=\"form-field-field_a736fe8\" class=\"elementor-field elementor-size-sm  elementor-field-textual\" placeholder=\"Dlaczego chcesz przyj\u015b\u0107 na m\u00f3j kurs?\" required=\"required\" aria-required=\"true\">\n\t\t\t\t\t\t\t\t\t\t\t<\/div>\n\t\t\t\t\t\t\t\t<div class=\"elementor-field-type-text elementor-field-group elementor-column elementor-field-group-field_4023b40 elementor-col-100 elementor-field-required\">\n\t\t\t\t\t\t\t\t\t\t\t\t<label for=\"form-field-field_4023b40\" class=\"elementor-field-label elementor-screen-only\">\n\t\t\t\t\t\t\t\tCzy do tej pory ucz\u0119stnicza\u0142a\u015b\/e\u015b na jakie\u015b inne kursy z SM? Je\u015bli tak, to jaki?\t\t\t\t\t\t\t<\/label>\n\t\t\t\t\t\t\t\t\t\t\t\t\t\t<input size=\"1\" type=\"text\" name=\"form_fields[field_4023b40]\" id=\"form-field-field_4023b40\" class=\"elementor-field elementor-size-sm  elementor-field-textual\" placeholder=\"Czy do tej pory ucz\u0119stnicza\u0142a\u015b\/e\u015b na jakie\u015b inne kursy z SM? Je\u015bli tak, to jaki?\" required=\"required\" aria-required=\"true\">\n\t\t\t\t\t\t\t\t\t\t\t<\/div>\n\t\t\t\t\t\t\t\t<div class=\"elementor-field-group elementor-column elementor-field-type-submit elementor-col-100 e-form__buttons\">\n\t\t\t\t\t<button class=\"elementor-button elementor-size-sm\" type=\"submit\">\n\t\t\t\t\t\t<span class=\"elementor-button-content-wrapper\">\n\t\t\t\t\t\t\t\t\t\t\t\t\t\t\t\t\t\t\t\t\t\t<span class=\"elementor-button-text\">Wys\u0142a\u0107<\/span>\n\t\t\t\t\t\t\t\t\t\t\t\t\t<\/span>\n\t\t\t\t\t<\/button>\n\t\t\t\t<\/div>\n\t\t\t<\/div>\n\t\t<input type=\"hidden\" name=\"trp-form-language\" value=\"pl\"\/><\/form>\n\t\t\t\t\t\t<\/div>\n\t\t\t\t<\/div>\n\t\t\t\t\t<\/div>\n\t\t<\/div>\n\t\t\t\t\t<\/div>\n\t\t<\/section>\n\t\t\t\t<\/div>","protected":false},"excerpt":{"rendered":"<p>\u041d\u0430\u0441\u0442\u0430\u0432\u043d\u0438\u0446\u0442\u0432\u043e \u0437 \u043c\u043e\u043d\u0435\u0442\u0438\u0437\u0430\u0446\u0456\u0457 \u0417\u0430\u043f\u043e\u0432\u043d\u0438 \u0430\u043d\u043a\u0435\u0442\u0443 \u0442\u0430 \u0441\u0444\u043e\u0440\u043c\u0443\u0439 \u0442\u0432\u0456\u0439 \u0437\u0430\u043f\u0438\u0442. \u042f \u043e\u0441\u043e\u0431\u0438\u0441\u0442\u043e \u0437\u0432\u02bc\u044f\u0436\u0443\u0441\u044f \u0437 \u0442\u043e\u0431\u043e\u044e, \u0449\u043e\u0431 \u043e\u0431\u0433\u043e\u0432\u043e\u0440\u0438\u0442\u0438 \u0442\u0432\u0456\u0439 \u043f\u043b\u0430\u043d \u0437\u0440\u043e\u0441\u0442\u0443\u00a0\ud83d\ude80<\/p>","protected":false},"author":1,"featured_media":0,"parent":0,"menu_order":0,"comment_status":"closed","ping_status":"closed","template":"elementor_header_footer","meta":{"footnotes":""},"_links":{"self":[{"href":"https:\/\/solomiazaprutko.com\/pl\/wp-json\/wp\/v2\/pages\/1560"}],"collection":[{"href":"https:\/\/solomiazaprutko.com\/pl\/wp-json\/wp\/v2\/pages"}],"about":[{"href":"https:\/\/solomiazaprutko.com\/pl\/wp-json\/wp\/v2\/types\/page"}],"author":[{"embeddable":true,"href":"https:\/\/solomiazaprutko.com\/pl\/wp-json\/wp\/v2\/users\/1"}],"replies":[{"embeddable":true,"href":"https:\/\/solomiazaprutko.com\/pl\/wp-json\/wp\/v2\/comments?post=1560"}],"version-history":[{"count":1,"href":"https:\/\/solomiazaprutko.com\/pl\/wp-json\/wp\/v2\/pages\/1560\/revisions"}],"predecessor-version":[{"id":1564,"href":"https:\/\/solomiazaprutko.com\/pl\/wp-json\/wp\/v2\/pages\/1560\/revisions\/1564"}],"wp:attachment":[{"href":"https:\/\/solomiazaprutko.com\/pl\/wp-json\/wp\/v2\/media?parent=1560"}],"curies":[{"name":"wp","href":"https:\/\/api.w.org\/{rel}","templated":true}]}}